{"id":363,"date":"2023-07-04T01:03:08","date_gmt":"2023-07-04T01:03:08","guid":{"rendered":"https:\/\/sanleonbodyshop.com\/comentarios\/"},"modified":"2024-10-31T13:54:01","modified_gmt":"2024-10-31T18:54:01","slug":"comentarios","status":"publish","type":"page","link":"https:\/\/sanleonbodyshop.com\/es\/comentarios\/","title":{"rendered":"Comentarios"},"content":{"rendered":"\t\t<div data-elementor-type=\"wp-page\" data-elementor-id=\"363\" class=\"elementor elementor-363 elementor-18\" data-elementor-post-type=\"page\">\n\t\t\t\t<div class=\"elementor-element elementor-element-da5b8d9 e-flex e-con-boxed e-con e-parent\" data-id=\"da5b8d9\" data-element_type=\"container\" data-e-type=\"container\">\n\t\t\t\t\t<div class=\"e-con-inner\">\n\t\t\t\t<div class=\"elementor-element elementor-element-ff326a3 elementor-widget elementor-widget-html\" data-id=\"ff326a3\" data-element_type=\"widget\" data-e-type=\"widget\" data-widget_type=\"html.default\">\n\t\t\t\t<div class=\"elementor-widget-container\">\n\t\t\t\t\t<script src=\"https:\/\/static.elfsight.com\/platform\/platform.js\" async=\"\"><\/script>\n<div class=\"elfsight-app-935d3946-94a3-4412-8444-f63f5d406a5a\" data-elfsight-app-lazy=\"\"><\/div>   \t\t\t\t<\/div>\n\t\t\t\t<\/div>\n\t\t\t\t\t<\/div>\n\t\t\t\t<\/div>\n\t\t\t\t<\/div>\n\t\t","protected":false},"excerpt":{"rendered":"","protected":false},"author":2,"featured_media":0,"parent":0,"menu_order":0,"comment_status":"closed","ping_status":"closed","template":"","meta":{"_seopress_robots_primary_cat":"","_seopress_titles_title":"Rese\u00f1as principales: Taller de carrocer\u00eda de San Le\u00f3n - Reparaci\u00f3n de carrocer\u00eda de confianza","_seopress_titles_desc":"Descubra las cr\u00edticas positivas y los testimonios de nuestros valiosos clientes que experimentaron reparaciones de carrocer\u00eda excepcionales en San Leon Body Shop","_seopress_robots_index":"","footnotes":""},"class_list":["post-363","page","type-page","status-publish","hentry"],"_links":{"self":[{"href":"https:\/\/sanleonbodyshop.com\/es\/wp-json\/wp\/v2\/pages\/363","targetHints":{"allow":["GET"]}}],"collection":[{"href":"https:\/\/sanleonbodyshop.com\/es\/wp-json\/wp\/v2\/pages"}],"about":[{"href":"https:\/\/sanleonbodyshop.com\/es\/wp-json\/wp\/v2\/types\/page"}],"author":[{"embeddable":true,"href":"https:\/\/sanleonbodyshop.com\/es\/wp-json\/wp\/v2\/users\/2"}],"replies":[{"embeddable":true,"href":"https:\/\/sanleonbodyshop.com\/es\/wp-json\/wp\/v2\/comments?post=363"}],"version-history":[{"count":0,"href":"https:\/\/sanleonbodyshop.com\/es\/wp-json\/wp\/v2\/pages\/363\/revisions"}],"wp:attachment":[{"href":"https:\/\/sanleonbodyshop.com\/es\/wp-json\/wp\/v2\/media?parent=363"}],"curies":[{"name":"wp","href":"https:\/\/api.w.org\/{rel}","templated":true}]}}