{"id":352,"date":"2023-07-04T01:02:40","date_gmt":"2023-07-04T01:02:40","guid":{"rendered":"https:\/\/sanleonbodyshop.com\/sobre-nosotros\/"},"modified":"2023-08-07T14:02:30","modified_gmt":"2023-08-07T19:02:30","slug":"sobre-nosotros","status":"publish","type":"page","link":"https:\/\/sanleonbodyshop.com\/es\/sobre-nosotros\/","title":{"rendered":"Sobre nosotros"},"content":{"rendered":"<p><img fetchpriority=\"high\" decoding=\"async\" class=\"alignright wp-image-197\" src=\"https:\/\/sanleonbodyshop.com\/wp-content\/uploads\/2023\/07\/277357595_5139228086139961_3933259611995044602_n-1024x580.jpg\" alt=\"San Leon Body Shop en frente\" width=\"593\" height=\"336\" srcset=\"https:\/\/sanleonbodyshop.com\/wp-content\/uploads\/2023\/07\/277357595_5139228086139961_3933259611995044602_n-1024x580.jpg 1024w, https:\/\/sanleonbodyshop.com\/wp-content\/uploads\/2023\/07\/277357595_5139228086139961_3933259611995044602_n-300x170.jpg 300w, https:\/\/sanleonbodyshop.com\/wp-content\/uploads\/2023\/07\/277357595_5139228086139961_3933259611995044602_n-768x435.jpg 768w, https:\/\/sanleonbodyshop.com\/wp-content\/uploads\/2023\/07\/277357595_5139228086139961_3933259611995044602_n-1536x870.jpg 1536w, https:\/\/sanleonbodyshop.com\/wp-content\/uploads\/2023\/07\/277357595_5139228086139961_3933259611995044602_n.jpg 2048w\" sizes=\"(max-width: 593px) 100vw, 593px\" \/>Bienvenido a San Leon Body Shop, una familia de propiedad y operado taller de reparaci\u00f3n de colisiones servir a la comunidad con orgullo y dedicaci\u00f3n. Como un elemento b\u00e1sico local en San Le\u00f3n, hemos estado proporcionando servicios excepcionales de carrocer\u00eda y mec\u00e1nica durante m\u00e1s de 19 a\u00f1os. Nuestro compromiso con la calidad artesanal, la atenci\u00f3n personalizada al cliente y una arraigada pasi\u00f3n por la excelencia automovil\u00edstica nos distinguen del resto.<\/p>\n<h3><strong>Un legado de servicio de calidad<\/strong><\/h3>\n<p>San Leon Body Shop fue fundada en 2004 por Manuel Aguilar y su hijo Rey Aguilar. Como pareja de padre e hijo, hemos construido nuestro negocio sobre los valores de la integridad, la honestidad y un amor genuino por lo que hacemos. Con a\u00f1os de experiencia en el sector, aportamos una gran cantidad de conocimientos y experiencia a cada proyecto que emprendemos. Nuestra dedicaci\u00f3n a la entrega de resultados superiores y superar las expectativas del cliente nos ha ganado una reputaci\u00f3n como un nombre de confianza en la comunidad.<\/p>\n<h3><strong>Asuntos comunitarios<\/strong><\/h3>\n<p>En San Leon Body Shop, nos preocupamos profundamente por nuestros clientes y la comunidad a la que servimos. Entendemos que nuestro \u00e9xito est\u00e1 intr\u00ednsecamente ligado a la satisfacci\u00f3n y el apoyo de nuestros valiosos clientes. Por eso nos esforzamos al m\u00e1ximo para garantizar que cada persona que cruza nuestras puertas reciba una atenci\u00f3n personalizada y un servicio excepcional. Nos enorgullece establecer relaciones duraderas con nuestros clientes, que se han convertido en una parte m\u00e1s de nuestra familia automovil\u00edstica.<\/p>\n<h3><strong>Artesan\u00eda y excelencia<\/strong><\/h3>\n<p>Nuestro equipo de t\u00e9cnicos altamente cualificados comparte nuestra pasi\u00f3n por ofrecer un trabajo impecable y una atenci\u00f3n al detalle inigualable. Desde reparaciones de colisiones e igualaci\u00f3n de pintura hasta servicios mec\u00e1nicos y diagn\u00f3sticos, utilizamos equipos de \u00faltima generaci\u00f3n y t\u00e9cnicas l\u00edderes en el sector para devolver a los veh\u00edculos su estado anterior al accidente. Con una b\u00fasqueda incesante de la excelencia, nos enorgullecemos de la calidad de nuestra mano de obra, garantizando que cada cliente se marche con un veh\u00edculo en el que pueda confiar y del que pueda sentirse orgulloso.<\/p>\n<h3><strong>La satisfacci\u00f3n del cliente es nuestra prioridad<\/strong><\/h3>\n<p>En San Leon Body Shop, su satisfacci\u00f3n es nuestra m\u00e1xima prioridad. Creemos que la comunicaci\u00f3n abierta y transparente es la clave para construir relaciones s\u00f3lidas con los clientes. Desde el momento en que entre en nuestro taller hasta la finalizaci\u00f3n de las reparaciones de su veh\u00edculo, le mantendremos informado en todo momento. Nuestro personal, amable y experto, est\u00e1 siempre dispuesto a responder a sus preguntas e inquietudes, proporcion\u00e1ndole tranquilidad y confianza en nuestros servicios.<\/p>\n<h3><strong>Experimente la diferencia de San Le\u00f3n<\/strong><\/h3>\n<p>Cuando usted elige San Leon Body Shop, usted est\u00e1 eligiendo un socio de confianza para todas sus necesidades de reparaci\u00f3n de colisiones y de automoci\u00f3n. No somos una empresa m\u00e1s sin rostro; somos sus vecinos, amigos y miembros de esta vibrante comunidad. Estamos comprometidos a ofrecer un servicio excepcional, mano de obra superior, y el m\u00e1ximo cuidado para su veh\u00edculo. Experimente la diferencia de San Le\u00f3n y \u00fanase a nuestra familia de clientes satisfechos que conf\u00edan en nosotros para todas sus necesidades de automoci\u00f3n.<\/p>\n<p>&nbsp;<\/p>\n<blockquote><p>Gracias por considerar San Leon Body Shop. Esperamos poder servirle y superar sus expectativas.<\/p>\n<p>Atentamente,<\/p>\n<p><em>Manuel Aguilar y Rey Aguilar<\/em><br \/>\n<em>Propietarios, Carrocer\u00eda San Le\u00f3n<\/em><\/p><\/blockquote>\n","protected":false},"excerpt":{"rendered":"<p>Bienvenido a San Leon Body Shop, una familia de propiedad y operado taller de reparaci\u00f3n de colisiones servir a la comunidad con orgullo y dedicaci\u00f3n. Como un elemento b\u00e1sico local en San Le\u00f3n, hemos estado proporcionando servicios excepcionales de carrocer\u00eda y mec\u00e1nica durante m\u00e1s de 19 a\u00f1os. Nuestro compromiso con la calidad artesanal, la atenci\u00f3n [&hellip;]<\/p>\n","protected":false},"author":2,"featured_media":0,"parent":0,"menu_order":0,"comment_status":"closed","ping_status":"closed","template":"","meta":{"_seopress_robots_primary_cat":"","_seopress_titles_title":"","_seopress_titles_desc":"","_seopress_robots_index":"","footnotes":""},"class_list":["post-352","page","type-page","status-publish","hentry"],"_links":{"self":[{"href":"https:\/\/sanleonbodyshop.com\/es\/wp-json\/wp\/v2\/pages\/352","targetHints":{"allow":["GET"]}}],"collection":[{"href":"https:\/\/sanleonbodyshop.com\/es\/wp-json\/wp\/v2\/pages"}],"about":[{"href":"https:\/\/sanleonbodyshop.com\/es\/wp-json\/wp\/v2\/types\/page"}],"author":[{"embeddable":true,"href":"https:\/\/sanleonbodyshop.com\/es\/wp-json\/wp\/v2\/users\/2"}],"replies":[{"embeddable":true,"href":"https:\/\/sanleonbodyshop.com\/es\/wp-json\/wp\/v2\/comments?post=352"}],"version-history":[{"count":0,"href":"https:\/\/sanleonbodyshop.com\/es\/wp-json\/wp\/v2\/pages\/352\/revisions"}],"wp:attachment":[{"href":"https:\/\/sanleonbodyshop.com\/es\/wp-json\/wp\/v2\/media?parent=352"}],"curies":[{"name":"wp","href":"https:\/\/api.w.org\/{rel}","templated":true}]}}